{"id":535,"date":"2025-06-20T21:54:15","date_gmt":"2025-06-20T21:54:15","guid":{"rendered":"https:\/\/daxs.com\/?page_id=535"},"modified":"2025-06-22T21:07:08","modified_gmt":"2025-06-22T21:07:08","slug":"impressum","status":"publish","type":"page","link":"https:\/\/plan.rnm.at\/de\/impressum\/","title":{"rendered":"Impressum"},"content":{"rendered":"\n<p><strong>Angaben gem\u00e4\u00df \u00a7 5 ECG \/ Offenlegung gem\u00e4\u00df \u00a7 25 MedienG<\/strong><\/p>\n\n\n\n<p><strong>Unternehmensname:<\/strong><br>DAXS &#8211; Herbert R\u00f6blreiter<\/p>\n\n\n\n<p><strong>Firmensitz (Hauptniederlassung):<\/strong><br>Wachtelstra\u00dfe 14<br>4053 Haid \u2013 Ansfelden<br>\u00d6sterreich<\/p>\n\n\n\n<p><strong>Kontakt:<\/strong><br>Telefon: +43 7229 22722 0<br>Fax: +43 7229 22722 242<br>E-Mail: <a>hello@daxs.com<\/a><br>Webseite: <a href=\"https:\/\/daxs.com\">daxs.com<\/a><\/p>\n\n\n\n<p><strong>Weitere Standorte:<\/strong><br><strong>Standort Wien:<\/strong><br>Lorenz-Bayer-Platz 2\/16<br>1170 Wien<br>Telefon: +43 1 375 0268<br>Fax: +43 1 375 0268 242<br>E-Mail: <a>hello.vie@daxs.com<\/a><\/p>\n\n\n\n<p><strong>Standort Vorarlberg:<\/strong><br>Bazulstra\u00dfe 28<br>6710 Nenzing<br>Telefon: +43 5525 21101<br>Fax: +43 5525 21101 242<br>E-Mail: <a>hello.vbg@daxs.com<\/a><\/p>\n\n\n\n<p><strong>UID-Nummer:<\/strong> ATU48956401<br><strong>Beh\u00f6rde gem\u00e4\u00df ECG:<\/strong> Bezirkshauptmannschaft Linz-Land<\/p>\n\n\n\n<p><strong>Unternehmensgegenstand:<\/strong> Dienstleistungen in den Bereichen IT, Digitalisierung, Sicherheit und Beratung<\/p>\n\n\n\n<p><strong>Mitgliedschaften:<\/strong> Wirtschaftskammer Ober\u00f6sterreich (Fachgruppen entsprechend dem Unternehmensgegenstand)<\/p>\n\n\n\n<p><strong>Haftungsausschluss:<\/strong><br>Alle Inhalte auf dieser Website wurden mit gr\u00f6\u00dfter Sorgfalt erstellt. Dennoch \u00fcbernimmt DAXS keine Gew\u00e4hr f\u00fcr die Richtigkeit, Vollst\u00e4ndigkeit und Aktualit\u00e4t der bereitgestellten Informationen. F\u00fcr den Inhalt verlinkter Seiten sind ausschlie\u00dflich deren Betreiber verantwortlich.<\/p>\n\n\n\n<p><strong>Urheberrecht:<\/strong><br>Die Inhalte dieser Website unterliegen dem \u00f6sterreichischen Urheberrecht. Die Vervielf\u00e4ltigung, Bearbeitung, Verbreitung und jede Art der Verwertung au\u00dferhalb der Grenzen des Urheberrechtes bed\u00fcrfen der schriftlichen Zustimmung von DAXS.<\/p>\n\n\n\n<p><strong>Alternative Streitbeilegung gem\u00e4\u00df Art. 14 Abs. 1 ODR-VO und \u00a7 36 VSBG:<\/strong><br>Verbraucher haben die M\u00f6glichkeit, Beschwerden an die Online-Streitbeilegungsplattform der EU zu richten: <a href=\"http:\/\/ec.europa.eu\/odr\">http:\/\/ec.europa.eu\/odr<\/a>. Wir sind nicht verpflichtet und nicht bereit, an Streitbeilegungsverfahren vor einer Verbraucherschlichtungsstelle teilzunehmen.<\/p>\n\n\n\n<p><\/p>\n\n\n\n<p><strong>Stand:<\/strong> Juni 2025<br><br>externer Link der Wirtschaftkammer \u00d6sterreich<br><a href=\"https:\/\/www.wkoecg.at\/Ecg.aspx?FirmaID=c66b69f3-89d4-4cfb-bda3-3c1fe77fba4c\" target=\"_blank\" rel=\"noreferrer noopener\">https:\/\/www.wkoecg.at\/Ecg.aspx?FirmaID=c66b69f3-89d4-4cfb-bda3-3c1fe77fba4c<\/a><\/p>\n\n\n\n<div class=\"wp-block-group is-layout-constrained wp-block-group-is-layout-constrained\">\n<figure class=\"wp-block-image size-large\"><a href=\"https:\/\/www.wkoecg.at\/Ecg.aspx?FirmaID=c66b69f3-89d4-4cfb-bda3-3c1fe77fba4c\" target=\"_blank\"><img loading=\"lazy\" decoding=\"async\" width=\"340\" height=\"48\" src=\"https:\/\/daxs.com\/wp-content\/uploads\/2025\/06\/ecg.jpg\" alt=\"\" class=\"wp-image-542\"\/><\/a><\/figure>\n\n\n\n<p><br><br><\/p>\n<\/div>\n","protected":false},"excerpt":{"rendered":"<p>Angaben gem\u00e4\u00df \u00a7 5 ECG \/ Offenlegung gem\u00e4\u00df \u00a7 25 MedienG Unternehmensname:DAXS &#8211; Herbert R\u00f6blreiter Firmensitz (Hauptniederlassung):Wachtelstra\u00dfe 144053 Haid \u2013 Ansfelden\u00d6sterreich Kontakt:Telefon: +43 7229 22722 0Fax: +43 7229 22722 242E-Mail: hello@daxs.comWebseite: daxs.com Weitere Standorte:Standort Wien:Lorenz-Bayer-Platz 2\/161170 WienTelefon: +43 1 375 0268Fax: +43 1 375 0268 242E-Mail: hello.vie@daxs.com Standort Vorarlberg:Bazulstra\u00dfe 286710 NenzingTelefon: +43 5525 21101Fax: +43 [&hellip;]<\/p>\n","protected":false},"author":1,"featured_media":0,"parent":0,"menu_order":0,"comment_status":"closed","ping_status":"closed","template":"","meta":{"_et_pb_use_builder":"","_et_pb_old_content":"","_et_gb_content_width":"","inline_featured_image":false,"footnotes":""},"class_list":["post-535","page","type-page","status-publish","hentry"],"featured_image_src":null,"yoast_head":"<!-- This site is optimized with the Yoast SEO plugin v27.3 - https:\/\/yoast.com\/product\/yoast-seo-wordpress\/ -->\n<title>Impressum - DAXS<\/title>\n<meta name=\"robots\" content=\"index, follow, max-snippet:-1, max-image-preview:large, max-video-preview:-1\" \/>\n<link rel=\"canonical\" href=\"https:\/\/plan.rnm.at\/de\/impressum\/\" \/>\n<meta property=\"og:locale\" content=\"de_DE\" \/>\n<meta property=\"og:type\" content=\"article\" \/>\n<meta property=\"og:title\" content=\"Impressum - DAXS\" \/>\n<meta property=\"og:description\" content=\"Angaben gem\u00e4\u00df \u00a7 5 ECG \/ Offenlegung gem\u00e4\u00df \u00a7 25 MedienG Unternehmensname:DAXS &#8211; Herbert R\u00f6blreiter Firmensitz (Hauptniederlassung):Wachtelstra\u00dfe 144053 Haid \u2013 Ansfelden\u00d6sterreich Kontakt:Telefon: +43 7229 22722 0Fax: +43 7229 22722 242E-Mail: hello@daxs.comWebseite: daxs.com Weitere Standorte:Standort Wien:Lorenz-Bayer-Platz 2\/161170 WienTelefon: +43 1 375 0268Fax: +43 1 375 0268 242E-Mail: hello.vie@daxs.com Standort Vorarlberg:Bazulstra\u00dfe 286710 NenzingTelefon: +43 5525 21101Fax: +43 [&hellip;]\" \/>\n<meta property=\"og:url\" content=\"https:\/\/plan.rnm.at\/de\/impressum\/\" \/>\n<meta property=\"og:site_name\" content=\"DAXS\" \/>\n<meta property=\"article:modified_time\" content=\"2025-06-22T21:07:08+00:00\" \/>\n<meta property=\"og:image\" content=\"https:\/\/plan.rnm.at\/wp-content\/uploads\/2025\/06\/ecg.jpg\" \/>\n\t<meta property=\"og:image:width\" content=\"340\" \/>\n\t<meta property=\"og:image:height\" content=\"48\" \/>\n\t<meta property=\"og:image:type\" content=\"image\/jpeg\" \/>\n<meta name=\"twitter:card\" content=\"summary_large_image\" \/>\n<meta name=\"twitter:label1\" content=\"Gesch\u00e4tzte Lesezeit\" \/>\n\t<meta name=\"twitter:data1\" content=\"1\u00a0Minute\" \/>\n<script type=\"application\/ld+json\" class=\"yoast-schema-graph\">{\"@context\":\"https:\\\/\\\/schema.org\",\"@graph\":[{\"@type\":\"WebPage\",\"@id\":\"https:\\\/\\\/plan.rnm.at\\\/de\\\/impressum\\\/\",\"url\":\"https:\\\/\\\/plan.rnm.at\\\/de\\\/impressum\\\/\",\"name\":\"Impressum - DAXS\",\"isPartOf\":{\"@id\":\"https:\\\/\\\/daxs.com\\\/de\\\/#website\"},\"primaryImageOfPage\":{\"@id\":\"https:\\\/\\\/plan.rnm.at\\\/de\\\/impressum\\\/#primaryimage\"},\"image\":{\"@id\":\"https:\\\/\\\/plan.rnm.at\\\/de\\\/impressum\\\/#primaryimage\"},\"thumbnailUrl\":\"https:\\\/\\\/daxs.com\\\/wp-content\\\/uploads\\\/2025\\\/06\\\/ecg.jpg\",\"datePublished\":\"2025-06-20T21:54:15+00:00\",\"dateModified\":\"2025-06-22T21:07:08+00:00\",\"breadcrumb\":{\"@id\":\"https:\\\/\\\/plan.rnm.at\\\/de\\\/impressum\\\/#breadcrumb\"},\"inLanguage\":\"de\",\"potentialAction\":[{\"@type\":\"ReadAction\",\"target\":[\"https:\\\/\\\/plan.rnm.at\\\/de\\\/impressum\\\/\"]}]},{\"@type\":\"ImageObject\",\"inLanguage\":\"de\",\"@id\":\"https:\\\/\\\/plan.rnm.at\\\/de\\\/impressum\\\/#primaryimage\",\"url\":\"https:\\\/\\\/daxs.com\\\/wp-content\\\/uploads\\\/2025\\\/06\\\/ecg.jpg\",\"contentUrl\":\"https:\\\/\\\/daxs.com\\\/wp-content\\\/uploads\\\/2025\\\/06\\\/ecg.jpg\"},{\"@type\":\"BreadcrumbList\",\"@id\":\"https:\\\/\\\/plan.rnm.at\\\/de\\\/impressum\\\/#breadcrumb\",\"itemListElement\":[{\"@type\":\"ListItem\",\"position\":1,\"name\":\"Startseite\",\"item\":\"https:\\\/\\\/daxs.com\\\/de\\\/\"},{\"@type\":\"ListItem\",\"position\":2,\"name\":\"Impressum\"}]},{\"@type\":\"WebSite\",\"@id\":\"https:\\\/\\\/daxs.com\\\/de\\\/#website\",\"url\":\"https:\\\/\\\/daxs.com\\\/de\\\/\",\"name\":\"DAXS\",\"description\":\"L\u00f6sungen, die bewegen.\",\"publisher\":{\"@id\":\"https:\\\/\\\/daxs.com\\\/de\\\/#organization\"},\"potentialAction\":[{\"@type\":\"SearchAction\",\"target\":{\"@type\":\"EntryPoint\",\"urlTemplate\":\"https:\\\/\\\/daxs.com\\\/de\\\/?s={search_term_string}\"},\"query-input\":{\"@type\":\"PropertyValueSpecification\",\"valueRequired\":true,\"valueName\":\"search_term_string\"}}],\"inLanguage\":\"de\"},{\"@type\":\"Organization\",\"@id\":\"https:\\\/\\\/daxs.com\\\/de\\\/#organization\",\"name\":\"DAXS Herbert R\u00f6blreiter\",\"url\":\"https:\\\/\\\/daxs.com\\\/de\\\/\",\"logo\":{\"@type\":\"ImageObject\",\"inLanguage\":\"de\",\"@id\":\"https:\\\/\\\/daxs.com\\\/de\\\/#\\\/schema\\\/logo\\\/image\\\/\",\"url\":\"https:\\\/\\\/daxs.com\\\/wp-content\\\/uploads\\\/2025\\\/06\\\/daxs-dogonly-o.svg\",\"contentUrl\":\"https:\\\/\\\/daxs.com\\\/wp-content\\\/uploads\\\/2025\\\/06\\\/daxs-dogonly-o.svg\",\"width\":33,\"height\":18,\"caption\":\"DAXS Herbert R\u00f6blreiter\"},\"image\":{\"@id\":\"https:\\\/\\\/daxs.com\\\/de\\\/#\\\/schema\\\/logo\\\/image\\\/\"}}]}<\/script>\n<!-- \/ Yoast SEO plugin. -->","yoast_head_json":{"title":"Impressum - DAXS","robots":{"index":"index","follow":"follow","max-snippet":"max-snippet:-1","max-image-preview":"max-image-preview:large","max-video-preview":"max-video-preview:-1"},"canonical":"https:\/\/plan.rnm.at\/de\/impressum\/","og_locale":"de_DE","og_type":"article","og_title":"Impressum - DAXS","og_description":"Angaben gem\u00e4\u00df \u00a7 5 ECG \/ Offenlegung gem\u00e4\u00df \u00a7 25 MedienG Unternehmensname:DAXS &#8211; Herbert R\u00f6blreiter Firmensitz (Hauptniederlassung):Wachtelstra\u00dfe 144053 Haid \u2013 Ansfelden\u00d6sterreich Kontakt:Telefon: +43 7229 22722 0Fax: +43 7229 22722 242E-Mail: hello@daxs.comWebseite: daxs.com Weitere Standorte:Standort Wien:Lorenz-Bayer-Platz 2\/161170 WienTelefon: +43 1 375 0268Fax: +43 1 375 0268 242E-Mail: hello.vie@daxs.com Standort Vorarlberg:Bazulstra\u00dfe 286710 NenzingTelefon: +43 5525 21101Fax: +43 [&hellip;]","og_url":"https:\/\/plan.rnm.at\/de\/impressum\/","og_site_name":"DAXS","article_modified_time":"2025-06-22T21:07:08+00:00","og_image":[{"width":340,"height":48,"url":"https:\/\/plan.rnm.at\/wp-content\/uploads\/2025\/06\/ecg.jpg","type":"image\/jpeg"}],"twitter_card":"summary_large_image","twitter_misc":{"Gesch\u00e4tzte Lesezeit":"1\u00a0Minute"},"schema":{"@context":"https:\/\/schema.org","@graph":[{"@type":"WebPage","@id":"https:\/\/plan.rnm.at\/de\/impressum\/","url":"https:\/\/plan.rnm.at\/de\/impressum\/","name":"Impressum - DAXS","isPartOf":{"@id":"https:\/\/daxs.com\/de\/#website"},"primaryImageOfPage":{"@id":"https:\/\/plan.rnm.at\/de\/impressum\/#primaryimage"},"image":{"@id":"https:\/\/plan.rnm.at\/de\/impressum\/#primaryimage"},"thumbnailUrl":"https:\/\/daxs.com\/wp-content\/uploads\/2025\/06\/ecg.jpg","datePublished":"2025-06-20T21:54:15+00:00","dateModified":"2025-06-22T21:07:08+00:00","breadcrumb":{"@id":"https:\/\/plan.rnm.at\/de\/impressum\/#breadcrumb"},"inLanguage":"de","potentialAction":[{"@type":"ReadAction","target":["https:\/\/plan.rnm.at\/de\/impressum\/"]}]},{"@type":"ImageObject","inLanguage":"de","@id":"https:\/\/plan.rnm.at\/de\/impressum\/#primaryimage","url":"https:\/\/daxs.com\/wp-content\/uploads\/2025\/06\/ecg.jpg","contentUrl":"https:\/\/daxs.com\/wp-content\/uploads\/2025\/06\/ecg.jpg"},{"@type":"BreadcrumbList","@id":"https:\/\/plan.rnm.at\/de\/impressum\/#breadcrumb","itemListElement":[{"@type":"ListItem","position":1,"name":"Startseite","item":"https:\/\/daxs.com\/de\/"},{"@type":"ListItem","position":2,"name":"Impressum"}]},{"@type":"WebSite","@id":"https:\/\/daxs.com\/de\/#website","url":"https:\/\/daxs.com\/de\/","name":"DAXS","description":"L\u00f6sungen, die bewegen.","publisher":{"@id":"https:\/\/daxs.com\/de\/#organization"},"potentialAction":[{"@type":"SearchAction","target":{"@type":"EntryPoint","urlTemplate":"https:\/\/daxs.com\/de\/?s={search_term_string}"},"query-input":{"@type":"PropertyValueSpecification","valueRequired":true,"valueName":"search_term_string"}}],"inLanguage":"de"},{"@type":"Organization","@id":"https:\/\/daxs.com\/de\/#organization","name":"DAXS Herbert R\u00f6blreiter","url":"https:\/\/daxs.com\/de\/","logo":{"@type":"ImageObject","inLanguage":"de","@id":"https:\/\/daxs.com\/de\/#\/schema\/logo\/image\/","url":"https:\/\/daxs.com\/wp-content\/uploads\/2025\/06\/daxs-dogonly-o.svg","contentUrl":"https:\/\/daxs.com\/wp-content\/uploads\/2025\/06\/daxs-dogonly-o.svg","width":33,"height":18,"caption":"DAXS Herbert R\u00f6blreiter"},"image":{"@id":"https:\/\/daxs.com\/de\/#\/schema\/logo\/image\/"}}]}},"_links":{"self":[{"href":"https:\/\/plan.rnm.at\/de\/wp-json\/wp\/v2\/pages\/535","targetHints":{"allow":["GET"]}}],"collection":[{"href":"https:\/\/plan.rnm.at\/de\/wp-json\/wp\/v2\/pages"}],"about":[{"href":"https:\/\/plan.rnm.at\/de\/wp-json\/wp\/v2\/types\/page"}],"author":[{"embeddable":true,"href":"https:\/\/plan.rnm.at\/de\/wp-json\/wp\/v2\/users\/1"}],"replies":[{"embeddable":true,"href":"https:\/\/plan.rnm.at\/de\/wp-json\/wp\/v2\/comments?post=535"}],"version-history":[{"count":4,"href":"https:\/\/plan.rnm.at\/de\/wp-json\/wp\/v2\/pages\/535\/revisions"}],"predecessor-version":[{"id":547,"href":"https:\/\/plan.rnm.at\/de\/wp-json\/wp\/v2\/pages\/535\/revisions\/547"}],"wp:attachment":[{"href":"https:\/\/plan.rnm.at\/de\/wp-json\/wp\/v2\/media?parent=535"}],"curies":[{"name":"wp","href":"https:\/\/api.w.org\/{rel}","templated":true}]}}